{"id":382,"date":"2025-09-22T14:34:25","date_gmt":"2025-09-22T14:34:25","guid":{"rendered":"https:\/\/artmisia.shop\/?post_type=product&#038;p=382"},"modified":"2025-11-17T19:14:14","modified_gmt":"2025-11-17T19:14:14","slug":"degrau-de-parede-para-gatos-em-madeira-de-pinus-grande","status":"publish","type":"product","link":"https:\/\/artmisia.shop\/?product=degrau-de-parede-para-gatos-em-madeira-de-pinus-grande","title":{"rendered":"Degrau de parede para gatos em madeira de Pinus Grande"},"content":{"rendered":"\n\t<section class=\"section\" id=\"section_1546743113\">\n\t\t<div class=\"section-bg fill\" >\n\t\t\t<img loading=\"lazy\" decoding=\"async\" width=\"2270\" height=\"1400\" src=\"https:\/\/artmisia.shop\/wp-content\/uploads\/2025\/07\/Verde_G.png\" class=\"bg attachment- size-\" alt=\"\" \/>\t\t\t\t\t\t<div class=\"section-bg-overlay absolute fill\"><\/div>\n\t\t\t\n\n\t\t<\/div>\n\n\t\t\n\n\t\t<div class=\"section-content relative\">\n\t\t\t\n<div class=\"row row-collapse row-full-width align-middle\"  id=\"row-2037788809\">\n\n\t<div id=\"col-496225158\" class=\"col medium-6 small-12 large-6\"  >\n\t\t\t\t<div class=\"col-inner\"  >\n\t\t\t\n\t\t\t\n\t<div class=\"img has-hover x md-x lg-x y md-y lg-y\" id=\"image_1594142349\">\n\t\t\t\t\t\t\t\t<div class=\"img-inner dark\" >\n\t\t\t<img loading=\"lazy\" decoding=\"async\" width=\"800\" height=\"800\" src=\"https:\/\/artmisia.shop\/wp-content\/uploads\/2025\/09\/G-1010-800x800.png\" class=\"attachment-large size-large\" alt=\"\" srcset=\"https:\/\/artmisia.shop\/wp-content\/uploads\/2025\/09\/G-1010-800x800.png 800w, https:\/\/artmisia.shop\/wp-content\/uploads\/2025\/09\/G-1010-400x400.png 400w, https:\/\/artmisia.shop\/wp-content\/uploads\/2025\/09\/G-1010-280x280.png 280w, https:\/\/artmisia.shop\/wp-content\/uploads\/2025\/09\/G-1010-768x768.png 768w, https:\/\/artmisia.shop\/wp-content\/uploads\/2025\/09\/G-1010-300x300.png 300w, https:\/\/artmisia.shop\/wp-content\/uploads\/2025\/09\/G-1010-600x600.png 600w, https:\/\/artmisia.shop\/wp-content\/uploads\/2025\/09\/G-1010-100x100.png 100w, https:\/\/artmisia.shop\/wp-content\/uploads\/2025\/09\/G-1010.png 1200w\" sizes=\"auto, (max-width: 800px) 100vw, 800px\" \/>\t\t\t\t\t\t\n\t\t\t\t\t<\/div>\n\t\t\t\t\t\t\t\t\n<style>\n#image_1594142349 {\n  width: 100%;\n}\n<\/style>\n\t<\/div>\n\t\n\t\t<\/div>\n\t\t\t\t\t<\/div>\n\n\t\n\n\t<div id=\"col-1969193478\" class=\"col medium-6 small-12 large-6\"  >\n\t\t\t\t<div class=\"col-inner text-center\"  >\n\t\t\t\n\t\t\t\n<h2>Transforme sua casa em um playground<\/h2>\n<p>O Degrau para Gatos de Parede Grande combina praticidade e estilo. Feito com madeira de reflorestada de pinus de 20mm e envernizado com verniz a base d\u2019\u00e1gua, nossos produtos oferecem desgin, qualidade e seguran\u00e7a para seu bichano.<\/p>\n<p data-start=\"339\" data-end=\"588\">Pensado para acompanhar cada salto com seguran\u00e7a e estilo, nosso degrau \u00e9 feito em\u00a0<strong data-start=\"422\" data-end=\"483\">madeira maci\u00e7a de Pinus reflorestado (20 mm de espessura)<\/strong>\u00a0\u2014 resistente, sustent\u00e1vel e com acabamento arredondado que protege o seu gato durante as brincadeiras.<\/p>\n\t\t<\/div>\n\t\t\t\t\n<style>\n#col-1969193478 > .col-inner {\n  padding: 10% 10% 10% 10%;\n  max-width: 520px;\n}\n<\/style>\n\t<\/div>\n\n\t\n<\/div>\n\t\t<\/div>\n\n\t\t\n<style>\n#section_1546743113 {\n  padding-top: 0px;\n  padding-bottom: 0px;\n  background-color: rgb(247, 247, 247);\n}\n#section_1546743113 .section-bg-overlay {\n  background-color: rgba(255, 255, 255, 0.85);\n}\n<\/style>\n\t<\/section>\n\t\n\n\t<section class=\"section\" id=\"section_2001694560\">\n\t\t<div class=\"section-bg fill\" >\n\t\t\t<img loading=\"lazy\" decoding=\"async\" width=\"2270\" height=\"1400\" src=\"https:\/\/artmisia.shop\/wp-content\/uploads\/2025\/07\/Verde_G.png\" class=\"bg attachment- size-\" alt=\"\" \/>\t\t\t\t\t\t<div class=\"section-bg-overlay absolute fill\"><\/div>\n\t\t\t\n\n\t\t<\/div>\n\n\t\t\n\n\t\t<div class=\"section-content relative\">\n\t\t\t\n<div class=\"row row-large align-middle\"  id=\"row-791858108\">\n\n\t<div id=\"col-2092216872\" class=\"col medium-6 small-12 large-6\"  >\n\t\t\t\t<div class=\"col-inner text-left\"  >\n\t\t\t\n\t\t\t\n<p data-start=\"590\" data-end=\"901\">Recebe\u00a0<strong data-start=\"597\" data-end=\"621\">verniz \u00e0 base d\u2019\u00e1gua<\/strong>, seguro para pets e para o planeta, e conta com\u00a0<strong data-start=\"670\" data-end=\"695\">feltro antiderrapante<\/strong>\u00a0dispon\u00edvel em\u00a0<strong data-start=\"710\" data-end=\"724\">duas cores<\/strong>, garantindo firmeza e conforto em cada movimento.<\/p>\n<p data-start=\"590\" data-end=\"901\"><br data-start=\"774\" data-end=\"777\" \/>Projetado para suportar at\u00e9 os gatos mais pesados, este degrau combina\u00a0<strong data-start=\"848\" data-end=\"898\">design, durabilidade e cuidado em cada detalhe<\/strong>.<\/p>\n<p data-start=\"903\" data-end=\"1119\">\u2705\u00a0Madeira de Pinus reflorestado (20 mm)<br data-start=\"942\" data-end=\"945\" \/>\u2705\u00a0Acabamento arredondado e seguro<br data-start=\"978\" data-end=\"981\" \/>\u2705\u00a0Verniz ecol\u00f3gico \u00e0 base d\u2019\u00e1gua<br data-start=\"1013\" data-end=\"1016\" \/>\u2705\u00a0Feltro antiderrapante em 2 op\u00e7\u00f5es de cor<br data-start=\"1058\" data-end=\"1061\" \/>\u2705\u00a0Suporta gatos de todos os portes<br data-start=\"1095\" data-end=\"1098\" \/>\u2705\u00a01 ano de garantia<\/p>\n\t\t<\/div>\n\t\t\t\t\t<\/div>\n\n\t\n\n\t<div id=\"col-1117561578\" class=\"col medium-6 small-12 large-6\"  >\n\t\t\t\t<div class=\"col-inner\"  >\n\t\t\t\n\t\t\t\n\t<div class=\"img has-hover x md-x lg-x y md-y lg-y\" id=\"image_2055230821\">\n\t\t\t\t\t\t\t\t<div class=\"img-inner dark\" >\n\t\t\t<img loading=\"lazy\" decoding=\"async\" width=\"800\" height=\"800\" src=\"https:\/\/artmisia.shop\/wp-content\/uploads\/2025\/09\/G-1000-800x800.png\" class=\"attachment-large size-large\" alt=\"\" srcset=\"https:\/\/artmisia.shop\/wp-content\/uploads\/2025\/09\/G-1000-800x800.png 800w, https:\/\/artmisia.shop\/wp-content\/uploads\/2025\/09\/G-1000-400x400.png 400w, https:\/\/artmisia.shop\/wp-content\/uploads\/2025\/09\/G-1000-280x280.png 280w, https:\/\/artmisia.shop\/wp-content\/uploads\/2025\/09\/G-1000-768x768.png 768w, https:\/\/artmisia.shop\/wp-content\/uploads\/2025\/09\/G-1000-300x300.png 300w, https:\/\/artmisia.shop\/wp-content\/uploads\/2025\/09\/G-1000-600x600.png 600w, https:\/\/artmisia.shop\/wp-content\/uploads\/2025\/09\/G-1000-100x100.png 100w, https:\/\/artmisia.shop\/wp-content\/uploads\/2025\/09\/G-1000.png 1200w\" sizes=\"auto, (max-width: 800px) 100vw, 800px\" \/>\t\t\t\t\t\t\n\t\t\t\t\t<\/div>\n\t\t\t\t\t\t\t\t\n<style>\n#image_2055230821 {\n  width: 100%;\n}\n<\/style>\n\t<\/div>\n\t\n\t\t<\/div>\n\t\t\t\t\t<\/div>\n\n\t\n<\/div>\n\t\t<\/div>\n\n\t\t\n<style>\n#section_2001694560 {\n  padding-top: 60px;\n  padding-bottom: 60px;\n}\n#section_2001694560 .section-bg-overlay {\n  background-color: rgba(255, 255, 255, 0.85);\n}\n<\/style>\n\t<\/section>\n\t\n\n\t<section class=\"section\" id=\"section_337291495\">\n\t\t<div class=\"section-bg fill\" >\n\t\t\t\t\t\t\t\t\t<div class=\"section-bg-overlay absolute fill\"><\/div>\n\t\t\t\n\n\t\t<\/div>\n\n\t\t\n\n\t\t<div class=\"section-content relative\">\n\t\t\t\n<div class=\"row row-large align-center\"  id=\"row-1186717421\">\n\n\t<div id=\"col-623468732\" class=\"col medium-3 small-12 large-3\"  >\n\t\t\t\t<div class=\"col-inner text-right\"  >\n\t\t\t\n\t\t\t\n<h2>Montagem e instala\u00e7\u00e3o<\/h2>\n<p>A prateleira \u00e9 enviada desmontada com todas as pe\u00e7as devidamente furadas juntamente com parafusos de montagem e buchas para fixa\u00e7\u00e3o do produto na parede e um manual de instala\u00e7\u00e3o.<\/p>\n\t\t<\/div>\n\t\t\t\t\t<\/div>\n\n\t\n\n\t<div id=\"col-849066978\" class=\"col medium-5 small-12 large-5\"  >\n\t\t\t\t<div class=\"col-inner\"  >\n\t\t\t\n\t\t\t\n\t<div class=\"img has-hover x md-x lg-x y md-y lg-y\" id=\"image_460318142\">\n\t\t\t\t\t\t\t\t<div class=\"img-inner dark\" >\n\t\t\t<img loading=\"lazy\" decoding=\"async\" width=\"800\" height=\"800\" src=\"https:\/\/artmisia.shop\/wp-content\/uploads\/2025\/09\/Desenho_G1-800x800.png\" class=\"attachment-large size-large\" alt=\"\" srcset=\"https:\/\/artmisia.shop\/wp-content\/uploads\/2025\/09\/Desenho_G1-800x800.png 800w, https:\/\/artmisia.shop\/wp-content\/uploads\/2025\/09\/Desenho_G1-400x400.png 400w, https:\/\/artmisia.shop\/wp-content\/uploads\/2025\/09\/Desenho_G1-280x280.png 280w, https:\/\/artmisia.shop\/wp-content\/uploads\/2025\/09\/Desenho_G1-768x768.png 768w, https:\/\/artmisia.shop\/wp-content\/uploads\/2025\/09\/Desenho_G1-300x300.png 300w, https:\/\/artmisia.shop\/wp-content\/uploads\/2025\/09\/Desenho_G1-600x600.png 600w, https:\/\/artmisia.shop\/wp-content\/uploads\/2025\/09\/Desenho_G1-100x100.png 100w, https:\/\/artmisia.shop\/wp-content\/uploads\/2025\/09\/Desenho_G1.png 1200w\" sizes=\"auto, (max-width: 800px) 100vw, 800px\" \/>\t\t\t\t\t\t\n\t\t\t\t\t<\/div>\n\t\t\t\t\t\t\t\t\n<style>\n#image_460318142 {\n  width: 100%;\n}\n<\/style>\n\t<\/div>\n\t\n\t\t<\/div>\n\t\t\t\t\t<\/div>\n\n\t\n\n\t<div id=\"col-1583325534\" class=\"col medium-3 small-12 large-3\"  >\n\t\t\t\t<div class=\"col-inner text-left\"  >\n\t\t\t\n\t\t\t\n<h2>Dimens\u00f5es<\/h2>\n<p>Altura : 14,5cm<\/p>\n<p>Largura: 30 cm<\/p>\n<p>Profundidade: 25 cm<\/p>\n\t\t<\/div>\n\t\t\t\t\t<\/div>\n\n\t\n<\/div>\n\t\t<\/div>\n\n\t\t\n<style>\n#section_337291495 {\n  padding-top: 30px;\n  padding-bottom: 30px;\n  background-color: rgb(193, 193, 193);\n}\n#section_337291495 .section-bg-overlay {\n  background-color: rgba(255, 255, 255, 0.85);\n}\n<\/style>\n\t<\/section>\n\t\n","protected":false},"excerpt":{"rendered":"<p data-start=\"493\" data-end=\"783\">Transforme a parede em um verdadeiro playground felino com o nosso degrau de madeira de Pinus de reflorestamento.<br data-start=\"606\" data-end=\"609\" \/>Pensado para unir <strong data-start=\"627\" data-end=\"659\">design, seguran\u00e7a e conforto<\/strong>, este degrau permite que seu gato explore o ambiente vertical com liberdade \u2014 uma forma natural de exercitar corpo e mente.<\/p>\n<p data-start=\"785\" data-end=\"1060\">Feito com <strong data-start=\"795\" data-end=\"817\">acabamento premium<\/strong> e <strong data-start=\"820\" data-end=\"844\">verniz \u00e0 base d\u2019\u00e1gua<\/strong>, \u00e9 totalmente <strong data-start=\"859\" data-end=\"908\">seguro para pets e sustent\u00e1vel para o planeta<\/strong>. O <strong data-start=\"912\" data-end=\"937\">tecido antiderrapante<\/strong> garante firmeza nos saltos, enquanto o visual em madeira natural traz um toque de eleg\u00e2ncia e aconchego para o seu espa\u00e7o.<\/p>\n","protected":false},"featured_media":392,"comment_status":"open","ping_status":"closed","template":"","meta":[],"product_brand":[],"product_cat":[69,70],"product_tag":[71,75,73],"class_list":{"0":"post-382","1":"product","2":"type-product","3":"status-publish","4":"has-post-thumbnail","6":"product_cat-gatos","7":"product_cat-playground","8":"product_tag-gatos","9":"product_tag-parede","10":"product_tag-playground","12":"first","13":"instock","14":"sale","15":"shipping-taxable","16":"purchasable","17":"product-type-variable"},"jetpack_sharing_enabled":true,"_links":{"self":[{"href":"https:\/\/artmisia.shop\/index.php?rest_route=\/wp\/v2\/product\/382","targetHints":{"allow":["GET"]}}],"collection":[{"href":"https:\/\/artmisia.shop\/index.php?rest_route=\/wp\/v2\/product"}],"about":[{"href":"https:\/\/artmisia.shop\/index.php?rest_route=\/wp\/v2\/types\/product"}],"replies":[{"embeddable":true,"href":"https:\/\/artmisia.shop\/index.php?rest_route=%2Fwp%2Fv2%2Fcomments&post=382"}],"wp:featuredmedia":[{"embeddable":true,"href":"https:\/\/artmisia.shop\/index.php?rest_route=\/wp\/v2\/media\/392"}],"wp:attachment":[{"href":"https:\/\/artmisia.shop\/index.php?rest_route=%2Fwp%2Fv2%2Fmedia&parent=382"}],"wp:term":[{"taxonomy":"product_brand","embeddable":true,"href":"https:\/\/artmisia.shop\/index.php?rest_route=%2Fwp%2Fv2%2Fproduct_brand&post=382"},{"taxonomy":"product_cat","embeddable":true,"href":"https:\/\/artmisia.shop\/index.php?rest_route=%2Fwp%2Fv2%2Fproduct_cat&post=382"},{"taxonomy":"product_tag","embeddable":true,"href":"https:\/\/artmisia.shop\/index.php?rest_route=%2Fwp%2Fv2%2Fproduct_tag&post=382"}],"curies":[{"name":"wp","href":"https:\/\/api.w.org\/{rel}","templated":true}]}}