{"id":401,"date":"2025-10-08T14:21:43","date_gmt":"2025-10-08T14:21:43","guid":{"rendered":"https:\/\/artmisia.shop\/?post_type=product&#038;p=401"},"modified":"2025-10-28T11:21:32","modified_gmt":"2025-10-28T11:21:32","slug":"arranhador-em-madeira-de-pinus-e-sisal-natural","status":"publish","type":"product","link":"https:\/\/artmisia.shop\/?product=arranhador-em-madeira-de-pinus-e-sisal-natural","title":{"rendered":"Arranhador em Madeira de Pinus e Sisal Natural"},"content":{"rendered":"\n\t<section class=\"section\" id=\"section_884699785\">\n\t\t<div class=\"section-bg fill\" >\n\t\t\t<img loading=\"lazy\" decoding=\"async\" width=\"2270\" height=\"1400\" src=\"https:\/\/artmisia.shop\/wp-content\/uploads\/2025\/07\/Verde_G.png\" class=\"bg attachment- size-\" alt=\"\" \/>\t\t\t\t\t\t<div class=\"section-bg-overlay absolute fill\"><\/div>\n\t\t\t\n\n\t\t<\/div>\n\n\t\t\n\n\t\t<div class=\"section-content relative\">\n\t\t\t\n<div class=\"row row-collapse row-full-width align-middle\"  id=\"row-1847742868\">\n\n\t<div id=\"col-81426903\" class=\"col medium-6 small-12 large-6\"  >\n\t\t\t\t<div class=\"col-inner\"  >\n\t\t\t\n\t\t\t\n\t<div class=\"img has-hover x md-x lg-x y md-y lg-y\" id=\"image_1482383323\">\n\t\t\t\t\t\t\t\t<div class=\"img-inner dark\" >\n\t\t\t<img loading=\"lazy\" decoding=\"async\" width=\"800\" height=\"800\" src=\"https:\/\/artmisia.shop\/wp-content\/uploads\/2025\/10\/Arranhador2-800x800.png\" class=\"attachment-large size-large\" alt=\"\" srcset=\"https:\/\/artmisia.shop\/wp-content\/uploads\/2025\/10\/Arranhador2-800x800.png 800w, https:\/\/artmisia.shop\/wp-content\/uploads\/2025\/10\/Arranhador2-400x400.png 400w, https:\/\/artmisia.shop\/wp-content\/uploads\/2025\/10\/Arranhador2-280x280.png 280w, https:\/\/artmisia.shop\/wp-content\/uploads\/2025\/10\/Arranhador2-768x768.png 768w, https:\/\/artmisia.shop\/wp-content\/uploads\/2025\/10\/Arranhador2-300x300.png 300w, https:\/\/artmisia.shop\/wp-content\/uploads\/2025\/10\/Arranhador2-600x600.png 600w, https:\/\/artmisia.shop\/wp-content\/uploads\/2025\/10\/Arranhador2-100x100.png 100w, https:\/\/artmisia.shop\/wp-content\/uploads\/2025\/10\/Arranhador2.png 1200w\" sizes=\"auto, (max-width: 800px) 100vw, 800px\" \/>\t\t\t\t\t\t\n\t\t\t\t\t<\/div>\n\t\t\t\t\t\t\t\t\n<style>\n#image_1482383323 {\n  width: 100%;\n}\n<\/style>\n\t<\/div>\n\t\n\t\t<\/div>\n\t\t\t\t\t<\/div>\n\n\t\n\n\t<div id=\"col-2002169461\" class=\"col medium-6 small-12 large-6\"  >\n\t\t\t\t<div class=\"col-inner text-center\"  >\n\t\t\t\n\t\t\t\n<h3 data-start=\"938\" data-end=\"994\"><strong data-start=\"942\" data-end=\"992\">Qualidade Dur\u00e1vel para o Bem-Estar do Seu Gato<\/strong><\/h3>\n<p data-start=\"996\" data-end=\"1399\">Feito em <strong data-start=\"1005\" data-end=\"1045\">madeira maci\u00e7a de Pinus reflorestado<\/strong>, o Arranhador Duplo conta com <strong data-start=\"1076\" data-end=\"1120\">duas colunas revestidas em sisal natural<\/strong>, ideais para o desgaste saud\u00e1vel das unhas e est\u00edmulo do comportamento instintivo felino.<br data-start=\"1210\" data-end=\"1213\" \/>A base e o tampo em madeira de 20 mm oferecem <strong data-start=\"1259\" data-end=\"1287\">estabilidade e seguran\u00e7a<\/strong>, enquanto o acabamento em <strong data-start=\"1314\" data-end=\"1338\">verniz \u00e0 base d\u2019\u00e1gua<\/strong> garante um produto <strong data-start=\"1358\" data-end=\"1396\">ecol\u00f3gico e seguro para o seu gato<\/strong>.<\/p>\n\t\t<\/div>\n\t\t\t\t\n<style>\n#col-2002169461 > .col-inner {\n  padding: 10% 10% 10% 10%;\n  max-width: 520px;\n}\n<\/style>\n\t<\/div>\n\n\t\n<\/div>\n\t\t<\/div>\n\n\t\t\n<style>\n#section_884699785 {\n  padding-top: 0px;\n  padding-bottom: 0px;\n  background-color: rgb(247, 247, 247);\n}\n#section_884699785 .section-bg-overlay {\n  background-color: rgba(255, 255, 255, 0.85);\n}\n<\/style>\n\t<\/section>\n\t\n\n\t<section class=\"section\" id=\"section_263185884\">\n\t\t<div class=\"section-bg fill\" >\n\t\t\t<img loading=\"lazy\" decoding=\"async\" width=\"2270\" height=\"1400\" src=\"https:\/\/artmisia.shop\/wp-content\/uploads\/2025\/07\/Verde_G.png\" class=\"bg attachment- size-\" alt=\"\" \/>\t\t\t\t\t\t<div class=\"section-bg-overlay absolute fill\"><\/div>\n\t\t\t\n\n\t\t<\/div>\n\n\t\t\n\n\t\t<div class=\"section-content relative\">\n\t\t\t\n<div class=\"row row-large align-middle\"  id=\"row-766387855\">\n\n\t<div id=\"col-607041346\" class=\"col medium-6 small-12 large-6\"  >\n\t\t\t\t<div class=\"col-inner text-left\"  >\n\t\t\t\n\t\t\t\n<p data-start=\"590\" data-end=\"901\">Projetado para suportar at\u00e9 os gatos mais pesados, combina <strong data-start=\"848\" data-end=\"898\">design, durabilidade e cuidado em cada detalhe<\/strong>.<\/p>\n<p data-start=\"903\" data-end=\"1119\">\u2705 Estrutura em madeira de Pinus reflorestado (20 mm)<br data-start=\"1453\" data-end=\"1456\" \/>\u2705 2 colunas com corda de sisal natural<br data-start=\"1494\" data-end=\"1497\" \/>\u2705 Acabamento artesanal com verniz \u00e0 base d\u2019\u00e1gua<br data-start=\"1544\" data-end=\"1547\" \/>\u2705 Base ampla e firme para estabilidade total<br data-start=\"1591\" data-end=\"1594\" \/>\u2705 Design minimalista e elegante<br data-start=\"1625\" data-end=\"1628\" \/>\u2705 1 ano de garantia<\/p>\n\t\t<\/div>\n\t\t\t\t\t<\/div>\n\n\t\n\n\t<div id=\"col-1979712651\" class=\"col medium-6 small-12 large-6\"  >\n\t\t\t\t<div class=\"col-inner\"  >\n\t\t\t\n\t\t\t\n\t<div class=\"img has-hover x md-x lg-x y md-y lg-y\" id=\"image_1080708451\">\n\t\t\t\t\t\t\t\t<div class=\"img-inner dark\" >\n\t\t\t<img loading=\"lazy\" decoding=\"async\" width=\"800\" height=\"800\" src=\"https:\/\/artmisia.shop\/wp-content\/uploads\/2025\/10\/Arranhador3-800x800.png\" class=\"attachment-large size-large\" alt=\"\" srcset=\"https:\/\/artmisia.shop\/wp-content\/uploads\/2025\/10\/Arranhador3-800x800.png 800w, https:\/\/artmisia.shop\/wp-content\/uploads\/2025\/10\/Arranhador3-400x400.png 400w, https:\/\/artmisia.shop\/wp-content\/uploads\/2025\/10\/Arranhador3-280x280.png 280w, https:\/\/artmisia.shop\/wp-content\/uploads\/2025\/10\/Arranhador3-768x768.png 768w, https:\/\/artmisia.shop\/wp-content\/uploads\/2025\/10\/Arranhador3-300x300.png 300w, https:\/\/artmisia.shop\/wp-content\/uploads\/2025\/10\/Arranhador3-600x600.png 600w, https:\/\/artmisia.shop\/wp-content\/uploads\/2025\/10\/Arranhador3-100x100.png 100w, https:\/\/artmisia.shop\/wp-content\/uploads\/2025\/10\/Arranhador3.png 1200w\" sizes=\"auto, (max-width: 800px) 100vw, 800px\" \/>\t\t\t\t\t\t\n\t\t\t\t\t<\/div>\n\t\t\t\t\t\t\t\t\n<style>\n#image_1080708451 {\n  width: 100%;\n}\n<\/style>\n\t<\/div>\n\t\n\t\t<\/div>\n\t\t\t\t\t<\/div>\n\n\t\n<\/div>\n\t\t<\/div>\n\n\t\t\n<style>\n#section_263185884 {\n  padding-top: 60px;\n  padding-bottom: 60px;\n}\n#section_263185884 .section-bg-overlay {\n  background-color: rgba(255, 255, 255, 0.85);\n}\n<\/style>\n\t<\/section>\n\t\n\n\t<section class=\"section\" id=\"section_1436361895\">\n\t\t<div class=\"section-bg fill\" >\n\t\t\t\t\t\t\t\t\t<div class=\"section-bg-overlay absolute fill\"><\/div>\n\t\t\t\n\n\t\t<\/div>\n\n\t\t\n\n\t\t<div class=\"section-content relative\">\n\t\t\t\n<div class=\"row row-large align-center\"  id=\"row-2145548624\">\n\n\t<div id=\"col-947745481\" class=\"col medium-3 small-12 large-3\"  >\n\t\t\t\t<div class=\"col-inner text-right\"  >\n\t\t\t\n\t\t\t\n<h2>Montagem e instala\u00e7\u00e3o<\/h2>\n<p>A prateleira \u00e9 enviada desmontada com todas as pe\u00e7as devidamente furadas juntamente com parafusos de montagem e buchas para fixa\u00e7\u00e3o do produto na parede e um manual de instala\u00e7\u00e3o.<\/p>\n\t\t<\/div>\n\t\t\t\t\t<\/div>\n\n\t\n\n\t<div id=\"col-1622795493\" class=\"col medium-5 small-12 large-5\"  >\n\t\t\t\t<div class=\"col-inner\"  >\n\t\t\t\n\t\t\t\n\t<div class=\"img has-hover x md-x lg-x y md-y lg-y\" id=\"image_1151786944\">\n\t\t\t\t\t\t\t\t<div class=\"img-inner dark\" >\n\t\t\t<img loading=\"lazy\" decoding=\"async\" width=\"800\" height=\"800\" src=\"https:\/\/artmisia.shop\/wp-content\/uploads\/2025\/10\/Arranhador_D-800x800.png\" class=\"attachment-large size-large\" alt=\"\" srcset=\"https:\/\/artmisia.shop\/wp-content\/uploads\/2025\/10\/Arranhador_D-800x800.png 800w, https:\/\/artmisia.shop\/wp-content\/uploads\/2025\/10\/Arranhador_D-400x400.png 400w, https:\/\/artmisia.shop\/wp-content\/uploads\/2025\/10\/Arranhador_D-280x280.png 280w, https:\/\/artmisia.shop\/wp-content\/uploads\/2025\/10\/Arranhador_D-768x768.png 768w, https:\/\/artmisia.shop\/wp-content\/uploads\/2025\/10\/Arranhador_D-300x300.png 300w, https:\/\/artmisia.shop\/wp-content\/uploads\/2025\/10\/Arranhador_D-600x600.png 600w, https:\/\/artmisia.shop\/wp-content\/uploads\/2025\/10\/Arranhador_D-100x100.png 100w, https:\/\/artmisia.shop\/wp-content\/uploads\/2025\/10\/Arranhador_D.png 1200w\" sizes=\"auto, (max-width: 800px) 100vw, 800px\" \/>\t\t\t\t\t\t\n\t\t\t\t\t<\/div>\n\t\t\t\t\t\t\t\t\n<style>\n#image_1151786944 {\n  width: 100%;\n}\n<\/style>\n\t<\/div>\n\t\n\t\t<\/div>\n\t\t\t\t\t<\/div>\n\n\t\n\n\t<div id=\"col-1929838219\" class=\"col medium-3 small-12 large-3\"  >\n\t\t\t\t<div class=\"col-inner text-left\"  >\n\t\t\t\n\t\t\t\n<h2>Dimens\u00f5es<\/h2>\n<p>Altura : 108 cm<\/p>\n<p>Largura: 43 cm<\/p>\n<p>Profundidade: 14 cm<\/p>\n\t\t<\/div>\n\t\t\t\t\t<\/div>\n\n\t\n<\/div>\n\t\t<\/div>\n\n\t\t\n<style>\n#section_1436361895 {\n  padding-top: 30px;\n  padding-bottom: 30px;\n  background-color: rgb(193, 193, 193);\n}\n#section_1436361895 .section-bg-overlay {\n  background-color: rgba(255, 255, 255, 0.85);\n}\n<\/style>\n\t<\/section>\n\t\n","protected":false},"excerpt":{"rendered":"<p data-start=\"480\" data-end=\"761\">Transforme o cantinho do seu gato em um <strong data-start=\"520\" data-end=\"553\">ref\u00fagio de bem-estar e estilo<\/strong>.<br data-start=\"554\" data-end=\"557\" \/>O Arranhador Art-misia foi criado para oferecer ao seu felino um espa\u00e7o ideal para <strong data-start=\"646\" data-end=\"694\">alongar, afiar as unhas e aliviar o estresse<\/strong>, enquanto adiciona um toque sofisticado \u00e0 decora\u00e7\u00e3o da sua casa.<\/p>\n<p data-start=\"763\" data-end=\"931\">Com <strong data-start=\"767\" data-end=\"789\">design minimalista<\/strong> e acabamento artesanal, une funcionalidade e beleza em cada detalhe \u2014 perfeito para quem valoriza o conforto do pet e a harmonia do ambiente.<\/p>\n","protected":false},"featured_media":409,"comment_status":"open","ping_status":"closed","template":"","meta":[],"product_brand":[],"product_cat":[69,70],"product_tag":[71,75,73],"class_list":{"0":"post-401","1":"product","2":"type-product","3":"status-publish","4":"has-post-thumbnail","6":"product_cat-gatos","7":"product_cat-playground","8":"product_tag-gatos","9":"product_tag-parede","10":"product_tag-playground","12":"first","13":"instock","14":"sale","15":"shipping-taxable","16":"purchasable","17":"product-type-variable"},"jetpack_sharing_enabled":true,"_links":{"self":[{"href":"https:\/\/artmisia.shop\/index.php?rest_route=\/wp\/v2\/product\/401","targetHints":{"allow":["GET"]}}],"collection":[{"href":"https:\/\/artmisia.shop\/index.php?rest_route=\/wp\/v2\/product"}],"about":[{"href":"https:\/\/artmisia.shop\/index.php?rest_route=\/wp\/v2\/types\/product"}],"replies":[{"embeddable":true,"href":"https:\/\/artmisia.shop\/index.php?rest_route=%2Fwp%2Fv2%2Fcomments&post=401"}],"wp:featuredmedia":[{"embeddable":true,"href":"https:\/\/artmisia.shop\/index.php?rest_route=\/wp\/v2\/media\/409"}],"wp:attachment":[{"href":"https:\/\/artmisia.shop\/index.php?rest_route=%2Fwp%2Fv2%2Fmedia&parent=401"}],"wp:term":[{"taxonomy":"product_brand","embeddable":true,"href":"https:\/\/artmisia.shop\/index.php?rest_route=%2Fwp%2Fv2%2Fproduct_brand&post=401"},{"taxonomy":"product_cat","embeddable":true,"href":"https:\/\/artmisia.shop\/index.php?rest_route=%2Fwp%2Fv2%2Fproduct_cat&post=401"},{"taxonomy":"product_tag","embeddable":true,"href":"https:\/\/artmisia.shop\/index.php?rest_route=%2Fwp%2Fv2%2Fproduct_tag&post=401"}],"curies":[{"name":"wp","href":"https:\/\/api.w.org\/{rel}","templated":true}]}}